{"id":4036,"date":"2021-11-16T13:45:43","date_gmt":"2021-11-16T13:45:43","guid":{"rendered":"https:\/\/avadawebsites.wpengine.com\/classic\/?page_id=4036"},"modified":"2025-08-25T15:42:54","modified_gmt":"2025-08-25T18:42:54","slug":"historia","status":"publish","type":"page","link":"https:\/\/caeolavarria.com.ar\/index.php\/historia\/","title":{"rendered":"Historia"},"content":{"rendered":"<div class=\"fusion-fullwidth fullwidth-box fusion-builder-row-1 fusion-flex-container nonhundred-percent-fullwidth non-hundred-percent-height-scrolling fusion-animated\" style=\"--awb-border-radius-top-left:0px;--awb-border-radius-top-right:0px;--awb-border-radius-bottom-right:0px;--awb-border-radius-bottom-left:0px;--awb-margin-bottom:120px;--awb-margin-bottom-medium:80px;--awb-margin-bottom-small:60px;--awb-flex-wrap:wrap;\" data-animationType=\"fadeInUp\" data-animationDuration=\"1.3\" data-animationOffset=\"top-into-view\" ><div class=\"fusion-builder-row fusion-row fusion-flex-align-items-center fusion-flex-content-wrap\" style=\"max-width:1393.6px;margin-left: calc(-4% \/ 2 );margin-right: calc(-4% \/ 2 );\"><div class=\"fusion-layout-column fusion_builder_column fusion-builder-column-0 fusion_builder_column_1_1 1_1 fusion-flex-column\" style=\"--awb-bg-blend:overlay;--awb-bg-size:cover;--awb-width-large:100%;--awb-margin-top-large:0px;--awb-spacing-right-large:1.536%;--awb-margin-bottom-large:0px;--awb-spacing-left-large:1.92%;--awb-width-medium:40%;--awb-spacing-right-medium:3.84%;--awb-spacing-left-medium:4.8%;--awb-width-small:100%;--awb-spacing-right-small:1.92%;--awb-margin-bottom-small:15px;--awb-spacing-left-small:1.92%;\"><div class=\"fusion-column-wrapper fusion-flex-justify-content-flex-start fusion-content-layout-column\"><div class=\"fusion-title title fusion-title-1 fusion-sep-none fusion-title-text fusion-title-size-two\" style=\"--awb-margin-bottom:0px;--awb-font-size:37px;\"><h2 class=\"fusion-title-heading title-heading-left fusion-responsive-typography-calculated\" style=\"margin:0;font-size:1em;text-transform:capitalize;--fontSize:37;line-height:1.35;\">Nuestra historia<\/h2><\/div><div class=\"fusion-separator fusion-full-width-sep\" style=\"align-self: center;margin-left: auto;margin-right: auto;flex-grow:3;margin-top:10px;margin-bottom:10px;width:100%;\"><\/div><div class=\"fusion-text fusion-text-1 fusion-text-no-margin\" style=\"--awb-text-color:var(--awb-color7);\"><p>El Club Atl\u00e9tico Estudiantes de Olavarr\u00eda fue fundado el 12 de abril de 1912 por un grupo de estudiantes de la Escuela Normal, creada en 1910.<\/p>\n<p>Un a\u00f1o m\u00e1s atr\u00e1s, en 1911, un grupo de alumnos de secundaria del Normal de Olavarr\u00eda, formaron un equipo de f\u00fatbol bajo la direcci\u00f3n del profesor Alejandro Bertolozzi. El equipo ten\u00eda el nombre de \"Los Normales\", en alusi\u00f3n a la escuela y su uniforme consist\u00eda en rayas verticales blancas y negras.<\/p>\n<p>Francisco Amoroso, Jos\u00e9 R\u00edpoli, Daniel M\u00e1rquez, Arsenio Cavilla Sinclair, Dar\u00edo Donella, V\u00edctor Lorea, Carlos Fassina, Atanasio Mora e Italio Ratta, fueron algunos de los representantes de \"Los Normales\". M\u00e1s tarde, el 12 de abril de 1912, se constituyeron en un club. Su comisi\u00f3n la compon\u00edan: Jos\u00e9 V. R\u00edpoli de presidente, el secretario era Arsenio Cavilla, el tesorero Daniel M\u00e1rquez y los vocales: Dar\u00edo Donella, Francisco Amoroso, Manuel Aristar\u00e1n, Manuel de la Canal y Vicente Lorea. Tras una votaci\u00f3n por unanimidad se decidi\u00f3 que el nombre de la nueva instituci\u00f3n ser\u00eda el de F\u00fatbol Club Estudiantes.<\/p>\n<p>Temprano, nom\u00e1s, en 1913, el entonces Football Club Estudiantes recibi\u00f3 la donaci\u00f3n de una bandera que podr\u00eda servir de estandarte. Aquella ense\u00f1a estaba confeccionada en bastones blancos y negros, esos que fueron adoptados como emblema del incipiente gigante de Olavarr\u00eda. Cuentan que, poco despu\u00e9s de recibir la insignia albinegra, cuando aquella flame\u00f3 por primera vez en apoyo del equipo estudiantil, alguien marc\u00f3 el destino del conjunto al apodarlo \"bataraz\", en alusi\u00f3n al plumaje combinado en los valores de la bandera que distingue a un tipo de gallo que encontramos en estas tierras. As\u00ed, por lo tanto, Estudiantes comenz\u00f3 a ser reconocido como \"el gallito bataraz\", \"el gallo\", \"El Bata\", o simplemente \"Bata\".<\/p>\n<p>En el correr de los a\u00f1os y fruto de un gran trabajo dirigencial, Estudiantes fue incorporando diferentes disciplinas deportivas y dej\u00f3 de ser reconocido solo como un club de f\u00fatbol.<\/p>\n<p>En lo que respecta a la pr\u00e1ctica deportiva, el club cuenta con el personal, las herramientas y las instalaciones aptas para contener el desarrollo regular de disciplinas como Ajedrez, Automovilismo, B\u00e1squetbol, Canotaje, F\u00fatbol, Golf, Handball, Hipismo, Hockey, Pat\u00edn Art\u00edstico, Pelota a Paleta, Rugby, S\u00f3ftbol, Tenis y V\u00f3ley. Adem\u00e1s de los servicios al socio como gimnasio, nataci\u00f3n en pileta cubierta, spinning y yoga, entre otros.<\/p>\n<p>Asimismo, la instituci\u00f3n promueve un completo programa de actividades de \u00edndole social, tanto recreativa como educativa \u2013entre los que sobresalen el Club de Ni\u00f1os, la propuesta estival permanente del CAE-, el Premio Bataraz, que distingue a los mejores deportistas del Club al finalizar cada temporada; adem\u00e1s de oficiar como soporte de los m\u00e1s prestigiosos acontecimientos art\u00edsticos organizados por terceros.<\/p>\n<p>Tal vez el nombre de Estudiantes haya obtenido su lugar en el reconocimiento popular merced al \u00e9xito nacional e internacional de su b\u00e1squetbol con infinidad de t\u00edtulos nacionales e internacionales, sin embargo, gran cantidad de equipos y atletas de la instituci\u00f3n han alcanzado actuaciones sobresalientes dentro y fuera del pa\u00eds en sus respectivas especialidades, entre los que se destaca el palista Agust\u00edn Vernice, con participaci\u00f3n en los Juegos Ol\u00edmpicos de Tokio 2021 y Par\u00eds 2024.<\/p>\n<p>M\u00e1s de cien a\u00f1os de historia hablan de un club con trascendencia nacional e internacional, imponente por logros e infraestructura, con una visi\u00f3n de futuro que enorgullece, y una impronta que sorprende a propios y extra\u00f1os. Es por ello que sea cual fuere el deporte que le sume otro trofeo a la vitrina, todo Estudiantes sentir\u00e1 la misma honra y satisfacci\u00f3n.<\/p>\n<\/div><div class=\"fusion-separator fusion-full-width-sep\" style=\"align-self: center;margin-left: auto;margin-right: auto;flex-grow:3;margin-top:10px;margin-bottom:10px;width:100%;\"><\/div><div class=\"fusion-title title fusion-title-2 fusion-sep-none fusion-title-text fusion-title-size-two\" style=\"--awb-margin-bottom:0px;--awb-font-size:37px;\"><h2 class=\"fusion-title-heading title-heading-left fusion-responsive-typography-calculated\" style=\"margin:0;font-size:1em;text-transform:capitalize;--fontSize:37;line-height:1.35;\">Nuestro emblema<\/h2><\/div><div class=\"fusion-separator fusion-full-width-sep\" style=\"align-self: center;margin-left: auto;margin-right: auto;flex-grow:3;margin-top:10px;margin-bottom:10px;width:100%;\"><\/div><div class=\"fusion-text fusion-text-2 fusion-text-no-margin\" style=\"--awb-text-color:var(--awb-color7);\"><p>En sus inicios, la instituci\u00f3n forj\u00f3 su insignia oficial, un escudo a bandas verticales, con un centro dominado por un rombo que conten\u00eda -entrelazadas- las letras C, A y E, sigla de Club Atl\u00e9tico Estudiantes, plasmando as\u00ed el acr\u00f3nimo CAE, del cual hemos hecho una manera m\u00e1s de identificarnos, tan valiosa como el propio nombre.<\/p>\n<p>Con los a\u00f1os, el escudo fue levemente modificado, se modernizaron sus l\u00edneas, su contorno se hizo m\u00e1s suave, y el centro pas\u00f3 del rombo a un c\u00edrculo perfecto, que ampli\u00f3 el protagonismo gr\u00e1fico del \"CAE\". Esta nueva marca, se encuentra registrada y es parte del patrimonio del Club Atl\u00e9tico Estudiantes.<\/p>\n<\/div><\/div><\/div><\/div><\/div>\n","protected":false},"excerpt":{"rendered":"","protected":false},"author":1,"featured_media":5235,"parent":0,"menu_order":0,"comment_status":"closed","ping_status":"closed","template":"100-width.php","meta":{"_acf_changed":false,"_bbp_topic_count":0,"_bbp_reply_count":0,"_bbp_total_topic_count":0,"_bbp_total_reply_count":0,"_bbp_voice_count":0,"_bbp_anonymous_reply_count":0,"_bbp_topic_count_hidden":0,"_bbp_reply_count_hidden":0,"_bbp_forum_subforum_count":0,"content-type":"","footnotes":""},"class_list":["post-4036","page","type-page","status-publish","has-post-thumbnail","hentry"],"acf":[],"yoast_head":"<!-- This site is optimized with the Yoast SEO plugin v27.2 - https:\/\/yoast.com\/product\/yoast-seo-wordpress\/ -->\n<title>Historia - Club Atl\u00e9tico Estudiantes de Olavarr\u00eda | Sitio oficial<\/title>\n<meta name=\"robots\" content=\"index, follow, max-snippet:-1, max-image-preview:large, max-video-preview:-1\" \/>\n<link rel=\"canonical\" href=\"https:\/\/caeolavarria.com.ar\/index.php\/historia\/\" \/>\n<meta property=\"og:locale\" content=\"es_ES\" \/>\n<meta property=\"og:type\" content=\"article\" \/>\n<meta property=\"og:title\" content=\"Historia - Club Atl\u00e9tico Estudiantes de Olavarr\u00eda | Sitio oficial\" \/>\n<meta property=\"og:url\" content=\"https:\/\/caeolavarria.com.ar\/index.php\/historia\/\" \/>\n<meta property=\"og:site_name\" content=\"Club Atl\u00e9tico Estudiantes de Olavarr\u00eda | Sitio oficial\" \/>\n<meta property=\"article:publisher\" content=\"https:\/\/www.facebook.com\/caeolavarria\" \/>\n<meta property=\"article:modified_time\" content=\"2025-08-25T18:42:54+00:00\" \/>\n<meta property=\"og:image\" content=\"https:\/\/caeolavarria.com.ar\/wp-content\/uploads\/2025\/06\/home_Mesa-de-trabajo-1.jpg\" \/>\n\t<meta property=\"og:image:width\" content=\"1920\" \/>\n\t<meta property=\"og:image:height\" content=\"720\" \/>\n\t<meta property=\"og:image:type\" content=\"image\/jpeg\" \/>\n<meta name=\"twitter:card\" content=\"summary_large_image\" \/>\n<meta name=\"twitter:site\" content=\"@CAEOlavarria\" \/>\n<meta name=\"twitter:label1\" content=\"Tiempo de lectura\" \/>\n\t<meta name=\"twitter:data1\" content=\"4 minutos\" \/>\n<script type=\"application\/ld+json\" class=\"yoast-schema-graph\">{\"@context\":\"https:\/\/schema.org\",\"@graph\":[{\"@type\":\"WebPage\",\"@id\":\"https:\/\/caeolavarria.com.ar\/index.php\/historia\/\",\"url\":\"https:\/\/caeolavarria.com.ar\/index.php\/historia\/\",\"name\":\"Historia - Club Atl\u00e9tico Estudiantes de Olavarr\u00eda | Sitio oficial\",\"isPartOf\":{\"@id\":\"https:\/\/caeolavarria.com.ar\/#website\"},\"primaryImageOfPage\":{\"@id\":\"https:\/\/caeolavarria.com.ar\/index.php\/historia\/#primaryimage\"},\"image\":{\"@id\":\"https:\/\/caeolavarria.com.ar\/index.php\/historia\/#primaryimage\"},\"thumbnailUrl\":\"https:\/\/caeolavarria.com.ar\/wp-content\/uploads\/2025\/06\/home_Mesa-de-trabajo-1.jpg\",\"datePublished\":\"2021-11-16T13:45:43+00:00\",\"dateModified\":\"2025-08-25T18:42:54+00:00\",\"breadcrumb\":{\"@id\":\"https:\/\/caeolavarria.com.ar\/index.php\/historia\/#breadcrumb\"},\"inLanguage\":\"es-AR\",\"potentialAction\":[{\"@type\":\"ReadAction\",\"target\":[\"https:\/\/caeolavarria.com.ar\/index.php\/historia\/\"]}]},{\"@type\":\"ImageObject\",\"inLanguage\":\"es-AR\",\"@id\":\"https:\/\/caeolavarria.com.ar\/index.php\/historia\/#primaryimage\",\"url\":\"https:\/\/caeolavarria.com.ar\/wp-content\/uploads\/2025\/06\/home_Mesa-de-trabajo-1.jpg\",\"contentUrl\":\"https:\/\/caeolavarria.com.ar\/wp-content\/uploads\/2025\/06\/home_Mesa-de-trabajo-1.jpg\",\"width\":1920,\"height\":720},{\"@type\":\"BreadcrumbList\",\"@id\":\"https:\/\/caeolavarria.com.ar\/index.php\/historia\/#breadcrumb\",\"itemListElement\":[{\"@type\":\"ListItem\",\"position\":1,\"name\":\"Inicio\",\"item\":\"https:\/\/caeolavarria.com.ar\/\"},{\"@type\":\"ListItem\",\"position\":2,\"name\":\"Historia\"}]},{\"@type\":\"WebSite\",\"@id\":\"https:\/\/caeolavarria.com.ar\/#website\",\"url\":\"https:\/\/caeolavarria.com.ar\/\",\"name\":\"Club Atl\u00e9tico Estudiantes de Olavarr\u00eda | Sitio oficial\",\"description\":\"\",\"publisher\":{\"@id\":\"https:\/\/caeolavarria.com.ar\/#organization\"},\"potentialAction\":[{\"@type\":\"SearchAction\",\"target\":{\"@type\":\"EntryPoint\",\"urlTemplate\":\"https:\/\/caeolavarria.com.ar\/?s={search_term_string}\"},\"query-input\":{\"@type\":\"PropertyValueSpecification\",\"valueRequired\":true,\"valueName\":\"search_term_string\"}}],\"inLanguage\":\"es-AR\"},{\"@type\":\"Organization\",\"@id\":\"https:\/\/caeolavarria.com.ar\/#organization\",\"name\":\"Club Atl\u00e9tico Estudiantes de Olavarr\u00eda\",\"url\":\"https:\/\/caeolavarria.com.ar\/\",\"logo\":{\"@type\":\"ImageObject\",\"inLanguage\":\"es-AR\",\"@id\":\"https:\/\/caeolavarria.com.ar\/#\/schema\/logo\/image\/\",\"url\":\"https:\/\/caeolavarria.com.ar\/wp-content\/uploads\/2025\/03\/logo-banco_Mesa-de-trabajo-1.png\",\"contentUrl\":\"https:\/\/caeolavarria.com.ar\/wp-content\/uploads\/2025\/03\/logo-banco_Mesa-de-trabajo-1.png\",\"width\":1355,\"height\":1355,\"caption\":\"Club Atl\u00e9tico Estudiantes de Olavarr\u00eda\"},\"image\":{\"@id\":\"https:\/\/caeolavarria.com.ar\/#\/schema\/logo\/image\/\"},\"sameAs\":[\"https:\/\/www.facebook.com\/caeolavarria\",\"https:\/\/x.com\/CAEOlavarria\",\"https:\/\/www.instagram.com\/estudiantesolavarria\/\"]}]}<\/script>\n<!-- \/ Yoast SEO plugin. -->","yoast_head_json":{"title":"Historia - Club Atl\u00e9tico Estudiantes de Olavarr\u00eda | Sitio oficial","robots":{"index":"index","follow":"follow","max-snippet":"max-snippet:-1","max-image-preview":"max-image-preview:large","max-video-preview":"max-video-preview:-1"},"canonical":"https:\/\/caeolavarria.com.ar\/index.php\/historia\/","og_locale":"es_ES","og_type":"article","og_title":"Historia - Club Atl\u00e9tico Estudiantes de Olavarr\u00eda | Sitio oficial","og_url":"https:\/\/caeolavarria.com.ar\/index.php\/historia\/","og_site_name":"Club Atl\u00e9tico Estudiantes de Olavarr\u00eda | Sitio oficial","article_publisher":"https:\/\/www.facebook.com\/caeolavarria","article_modified_time":"2025-08-25T18:42:54+00:00","og_image":[{"width":1920,"height":720,"url":"https:\/\/caeolavarria.com.ar\/wp-content\/uploads\/2025\/06\/home_Mesa-de-trabajo-1.jpg","type":"image\/jpeg"}],"twitter_card":"summary_large_image","twitter_site":"@CAEOlavarria","twitter_misc":{"Tiempo de lectura":"4 minutos"},"schema":{"@context":"https:\/\/schema.org","@graph":[{"@type":"WebPage","@id":"https:\/\/caeolavarria.com.ar\/index.php\/historia\/","url":"https:\/\/caeolavarria.com.ar\/index.php\/historia\/","name":"Historia - Club Atl\u00e9tico Estudiantes de Olavarr\u00eda | Sitio oficial","isPartOf":{"@id":"https:\/\/caeolavarria.com.ar\/#website"},"primaryImageOfPage":{"@id":"https:\/\/caeolavarria.com.ar\/index.php\/historia\/#primaryimage"},"image":{"@id":"https:\/\/caeolavarria.com.ar\/index.php\/historia\/#primaryimage"},"thumbnailUrl":"https:\/\/caeolavarria.com.ar\/wp-content\/uploads\/2025\/06\/home_Mesa-de-trabajo-1.jpg","datePublished":"2021-11-16T13:45:43+00:00","dateModified":"2025-08-25T18:42:54+00:00","breadcrumb":{"@id":"https:\/\/caeolavarria.com.ar\/index.php\/historia\/#breadcrumb"},"inLanguage":"es-AR","potentialAction":[{"@type":"ReadAction","target":["https:\/\/caeolavarria.com.ar\/index.php\/historia\/"]}]},{"@type":"ImageObject","inLanguage":"es-AR","@id":"https:\/\/caeolavarria.com.ar\/index.php\/historia\/#primaryimage","url":"https:\/\/caeolavarria.com.ar\/wp-content\/uploads\/2025\/06\/home_Mesa-de-trabajo-1.jpg","contentUrl":"https:\/\/caeolavarria.com.ar\/wp-content\/uploads\/2025\/06\/home_Mesa-de-trabajo-1.jpg","width":1920,"height":720},{"@type":"BreadcrumbList","@id":"https:\/\/caeolavarria.com.ar\/index.php\/historia\/#breadcrumb","itemListElement":[{"@type":"ListItem","position":1,"name":"Inicio","item":"https:\/\/caeolavarria.com.ar\/"},{"@type":"ListItem","position":2,"name":"Historia"}]},{"@type":"WebSite","@id":"https:\/\/caeolavarria.com.ar\/#website","url":"https:\/\/caeolavarria.com.ar\/","name":"Club Atl\u00e9tico Estudiantes de Olavarr\u00eda | Sitio oficial","description":"","publisher":{"@id":"https:\/\/caeolavarria.com.ar\/#organization"},"potentialAction":[{"@type":"SearchAction","target":{"@type":"EntryPoint","urlTemplate":"https:\/\/caeolavarria.com.ar\/?s={search_term_string}"},"query-input":{"@type":"PropertyValueSpecification","valueRequired":true,"valueName":"search_term_string"}}],"inLanguage":"es-AR"},{"@type":"Organization","@id":"https:\/\/caeolavarria.com.ar\/#organization","name":"Club Atl\u00e9tico Estudiantes de Olavarr\u00eda","url":"https:\/\/caeolavarria.com.ar\/","logo":{"@type":"ImageObject","inLanguage":"es-AR","@id":"https:\/\/caeolavarria.com.ar\/#\/schema\/logo\/image\/","url":"https:\/\/caeolavarria.com.ar\/wp-content\/uploads\/2025\/03\/logo-banco_Mesa-de-trabajo-1.png","contentUrl":"https:\/\/caeolavarria.com.ar\/wp-content\/uploads\/2025\/03\/logo-banco_Mesa-de-trabajo-1.png","width":1355,"height":1355,"caption":"Club Atl\u00e9tico Estudiantes de Olavarr\u00eda"},"image":{"@id":"https:\/\/caeolavarria.com.ar\/#\/schema\/logo\/image\/"},"sameAs":["https:\/\/www.facebook.com\/caeolavarria","https:\/\/x.com\/CAEOlavarria","https:\/\/www.instagram.com\/estudiantesolavarria\/"]}]}},"_links":{"self":[{"href":"https:\/\/caeolavarria.com.ar\/index.php\/wp-json\/wp\/v2\/pages\/4036","targetHints":{"allow":["GET"]}}],"collection":[{"href":"https:\/\/caeolavarria.com.ar\/index.php\/wp-json\/wp\/v2\/pages"}],"about":[{"href":"https:\/\/caeolavarria.com.ar\/index.php\/wp-json\/wp\/v2\/types\/page"}],"author":[{"embeddable":true,"href":"https:\/\/caeolavarria.com.ar\/index.php\/wp-json\/wp\/v2\/users\/1"}],"replies":[{"embeddable":true,"href":"https:\/\/caeolavarria.com.ar\/index.php\/wp-json\/wp\/v2\/comments?post=4036"}],"version-history":[{"count":8,"href":"https:\/\/caeolavarria.com.ar\/index.php\/wp-json\/wp\/v2\/pages\/4036\/revisions"}],"predecessor-version":[{"id":5749,"href":"https:\/\/caeolavarria.com.ar\/index.php\/wp-json\/wp\/v2\/pages\/4036\/revisions\/5749"}],"wp:featuredmedia":[{"embeddable":true,"href":"https:\/\/caeolavarria.com.ar\/index.php\/wp-json\/wp\/v2\/media\/5235"}],"wp:attachment":[{"href":"https:\/\/caeolavarria.com.ar\/index.php\/wp-json\/wp\/v2\/media?parent=4036"}],"curies":[{"name":"wp","href":"https:\/\/api.w.org\/{rel}","templated":true}]}}