{"id":5512,"date":"2025-08-18T13:49:31","date_gmt":"2025-08-18T16:49:31","guid":{"rendered":"https:\/\/caeolavarria.com.ar\/?page_id=5512"},"modified":"2025-08-31T22:47:42","modified_gmt":"2025-09-01T01:47:42","slug":"softbol","status":"publish","type":"page","link":"https:\/\/caeolavarria.com.ar\/index.php\/softbol\/","title":{"rendered":"S\u00f3ftbol"},"content":{"rendered":"<p><div class=\"fusion-fullwidth fullwidth-box fusion-builder-row-1 fusion-flex-container has-pattern-background has-mask-background nonhundred-percent-fullwidth non-hundred-percent-height-scrolling fusion-animated\" style=\"--awb-border-sizes-top:0px;--awb-border-sizes-bottom:0px;--awb-border-sizes-left:0px;--awb-border-sizes-right:0px;--awb-border-radius-top-left:0px;--awb-border-radius-top-right:0px;--awb-border-radius-bottom-right:0px;--awb-border-radius-bottom-left:0px;--awb-margin-bottom:60px;--awb-margin-bottom-medium:80px;--awb-margin-bottom-small:60px;--awb-flex-wrap:wrap;\" data-animationType=\"fadeInUp\" data-animationDuration=\"1.3\" data-animationOffset=\"top-into-view\" ><div class=\"fusion-builder-row fusion-row fusion-flex-align-items-center fusion-flex-content-wrap\" style=\"max-width:1393.6px;margin-left: calc(-4% \/ 2 );margin-right: calc(-4% \/ 2 );\"><div class=\"fusion-layout-column fusion_builder_column fusion-builder-column-0 fusion_builder_column_1_1 1_1 fusion-flex-column\" style=\"--awb-bg-blend:overlay;--awb-bg-size:cover;--awb-width-large:100%;--awb-margin-top-large:0px;--awb-spacing-right-large:1.92%;--awb-margin-bottom-large:80px;--awb-spacing-left-large:3.84%;--awb-width-medium:60%;--awb-spacing-right-medium:3.2%;--awb-spacing-left-medium:6.4%;--awb-width-small:100%;--awb-spacing-right-small:1.92%;--awb-spacing-left-small:1.92%;\"><div class=\"fusion-column-wrapper fusion-flex-justify-content-flex-start fusion-content-layout-column\"><div class=\"fusion-text fusion-text-1 fusion-text-no-margin\" style=\"--awb-text-color:var(--awb-color7);\"><p>La disciplina se desarrolla en el Club Atl\u00e9tico Estudiantes desde hace 25 a\u00f1os, cuenta con un predio con dos canchas oficiales, dep\u00f3sitos, ba\u00f1os y sala de planillaje.<\/p>\n<p>La participaci\u00f3n deportiva del s\u00f3ftbol durante este periodo ha permitido tener muchos jugadores que conformaron selecciones argentinas tanto en formativas como en primera divisi\u00f3n, del mismo modo que entrenadores que participaron en competencias internacionales.<\/p>\n<p>Actualmente en el predio practican las categor\u00eda primera femenina y cadetes masculino y femenino. Las categor\u00edas formativas realizan sus pr\u00e1cticas en la sede del club (cancha sint\u00e9tica).<\/p>\n<p>Desde la disciplina se plantea la participaci\u00f3n en ligas y torneos de primera divisi\u00f3n y con las categor\u00edas formativas encuentros con otros clubes a lo largo del a\u00f1o. Tambi\u00e9n la participaci\u00f3n en torneos Juveniles Bonaerenses.<\/p>\n<p>Es objetivo del s\u00f3ftbol de Estudiantes brindar un espacio a ni\u00f1as y ni\u00f1os para acercarse al deporte con pr\u00e1cticas basadas en el sentido l\u00fadico, con variadas propuestas mostrando una l\u00f3gica deportiva diferente a los deportes tradicionales.<\/p>\n<p>Para las categor\u00edas mayores buscamos entrenamientos de calidad que permitan lograr un nivel de juego para la competencia a nivel nacional.<\/p>\n<p>Tambi\u00e9n brindamos un espacio para que ex jugadores retomen la pr\u00e1ctica del s\u00f3ftbol.<\/p>\n<\/div><\/div><\/div><div class=\"fusion-layout-column fusion_builder_column fusion-builder-column-1 fusion_builder_column_1_1 1_1 fusion-flex-column\" style=\"--awb-bg-size:cover;--awb-width-large:100%;--awb-margin-top-large:0px;--awb-spacing-right-large:1.92%;--awb-margin-bottom-large:0px;--awb-spacing-left-large:1.92%;--awb-width-medium:100%;--awb-order-medium:0;--awb-spacing-right-medium:1.92%;--awb-spacing-left-medium:1.92%;--awb-width-small:100%;--awb-order-small:0;--awb-spacing-right-small:1.92%;--awb-spacing-left-small:1.92%;\"><div class=\"fusion-column-wrapper fusion-column-has-shadow fusion-flex-justify-content-flex-start fusion-content-layout-column\"><div class=\"fusion-title title fusion-title-1 fusion-sep-none fusion-title-text fusion-title-size-three\"><h3 class=\"fusion-title-heading title-heading-left fusion-responsive-typography-calculated\" style=\"margin:0;text-transform:none;--fontSize:40;line-height:var(--awb-typography1-line-height);\">\u00a1Eleg\u00ed practicar S\u00f3ftbol en Estudiantes!<\/h3><\/div><style type=\"text\/css\">#accordian-1 .fusion-panel:hover,#accordian-1 .fusion-panel.hover{ background-color: var(--awb-color2) } #accordian-1 .fusion-panel { border-color:var(--awb-color4); border-width:0px; background-color:hsla(var(--awb-color4-h),var(--awb-color4-s),var(--awb-color4-l),calc( var(--awb-color4-a) - 90% )); }.fusion-accordian #accordian-1 .panel-title a .fa-fusion-box:before{ font-size: 16px;width: 16px;}.fusion-accordian #accordian-1 .panel-title a .fa-fusion-box{ color: var(--awb-color1);}.fusion-accordian #accordian-1.fusion-toggle-icon-right .fusion-toggle-heading{ margin-right: 34px;}.fusion-accordian  #accordian-1 .panel-title a{font-size:20px;font-family:var(--awb-typography1-font-family);font-weight:var(--awb-typography1-font-weight);font-style:var(--awb-typography1-font-style);}.fusion-accordian  #accordian-1 .panel-title a:not(:hover){}.fusion-accordian  #accordian-1 .toggle-content{font-family:var(--awb-typography4-font-family);font-weight:var(--awb-typography4-font-weight);font-style:var(--awb-typography4-font-style);}.fusion-accordian #accordian-1 .fa-fusion-box { background-color: var(--awb-color4) !important;border-color: var(--awb-color4) !important;}.fusion-accordian #accordian-1 .panel-title a:hover,.fusion-accordian #accordian-1 .panel-title a.hover { color: hsla(var(--awb-color8-h),var(--awb-color8-s),calc( var(--awb-color8-l) + 38% ),var(--awb-color8-a));}.fusion-faq-shortcode .fusion-accordian #accordian-1 .fusion-toggle-boxed-mode:hover .panel-title a { color: hsla(var(--awb-color8-h),var(--awb-color8-s),calc( var(--awb-color8-l) + 38% ),var(--awb-color8-a));}.fusion-accordian #accordian-1 .panel-title .active .fa-fusion-box,.fusion-accordian #accordian-1 .panel-title a:hover .fa-fusion-box,.fusion-accordian #accordian-1 .panel-title a.hover .fa-fusion-box { background-color: hsla(var(--awb-color8-h),var(--awb-color8-s),calc( var(--awb-color8-l) + 38% ),var(--awb-color8-a))!important;border-color: hsla(var(--awb-color8-h),var(--awb-color8-s),calc( var(--awb-color8-l) + 38% ),var(--awb-color8-a))!important;}<\/style><div class=\"fusion-faq-shortcode\" style=\"\"><div class=\"fusion-faqs-wrapper\"><div class=\"accordian fusion-accordian\"><div class=\"panel-group  fusion-toggle-icon-right\" id=\"accordian-1\"><div class=\"fusion-panel fusion-toggle-no-divider fusion-toggle-boxed-mode panel-default fusion-faq-post fusion-faq-post-5475 softbol-horarios \"><span class=\"entry-title rich-snippet-hidden\">Conoc\u00e9 nuestros horarios<\/span><span class=\"vcard rich-snippet-hidden\"><span class=\"fn\"><a href=\"https:\/\/caeolavarria.com.ar\/index.php\/author\/admin\/\" title=\"Entradas de admin\" rel=\"author\">admin<\/a><\/span><\/span><span class=\"updated rich-snippet-hidden\">2025-08-14T20:06:57-03:00<\/span><div class=\"panel-heading\"><h4 id=\"faq_1-5475\" class=\"panel-title toggle\"><a data-toggle=\"collapse\" class=\"collapsed\" data-parent=\"#accordian-1\" data-target=\"#collapse-1-5475\" href=\"#collapse-1-5475\" aria-expanded=\"false\"><div class=\"fusion-toggle-icon-wrapper\"><div class=\"fusion-toggle-icon-wrapper-main\"><div class=\"fusion-toggle-icon-wrapper-sub\"><i class=\"fa-fusion-box active-icon awb-icon-minus\" aria-hidden=\"true\"><\/i><i class=\"fa-fusion-box inactive-icon awb-icon-plus\" aria-hidden=\"true\"><\/i><\/div><\/div><\/div><div class=\"fusion-toggle-heading\">Conoc\u00e9 nuestros horarios<\/div><\/a><\/h4><\/div><div id=\"collapse-1-5475\" aria-labelledby=\"faq_1-5475\" class=\"panel-collapse collapse\"><div class=\"panel-body toggle-content post-content\"><p><strong>Escuelita:<\/strong> Martes y jueves 17:45 en sede, s\u00e1bados 11 hs en cancha<\/p>\n<p><strong>Menores-Cadetes:<\/strong> Martes y jueves 18:45 en sede, s\u00e1bados 11 hs en cancha<\/p>\n<p><strong>Primera Femenino:<\/strong> Lunes y mi\u00e9rcoles 14:30 hs, s\u00e1bados 13 hs en cancha<\/p>\n<\/div><\/div><\/div><\/div><\/div><\/div><\/div><div style=\"text-align:center;\"><a class=\"fusion-button button-flat fusion-button-default-size button-default fusion-button-default button-1 fusion-button-default-span fusion-button-default-type\" style=\"--button_text_transform:none;\" target=\"_blank\" rel=\"noopener noreferrer\" href=\"https:\/\/caeolavarria.com.ar\/socios\/login\"><span class=\"fusion-button-text awb-button__text awb-button__text--default\">Inscribite ac\u00e1<\/span><\/a><\/div><\/div><\/div><\/div><\/div><div class=\"fusion-fullwidth fullwidth-box fusion-builder-row-2 fusion-flex-container has-pattern-background has-mask-background hundred-percent-fullwidth non-hundred-percent-height-scrolling\" style=\"--link_color: var(--awb-color1);--awb-border-radius-top-left:0px;--awb-border-radius-top-right:0px;--awb-border-radius-bottom-right:0px;--awb-border-radius-bottom-left:0px;--awb-padding-top:50px;--awb-padding-right:0px;--awb-padding-bottom:50px;--awb-padding-left:0px;--awb-margin-top:0px;--awb-margin-bottom:0px;--awb-background-color:hsla(var(--awb-color8-h),var(--awb-color8-s),calc( var(--awb-color8-l) + 16% ),var(--awb-color8-a));--awb-flex-wrap:wrap;\" ><div class=\"fusion-builder-row fusion-row fusion-flex-align-items-flex-start fusion-flex-content-wrap\" style=\"width:104% !important;max-width:104% !important;margin-left: calc(-4% \/ 2 );margin-right: calc(-4% \/ 2 );\"><div class=\"fusion-layout-column fusion_builder_column fusion-builder-column-2 fusion_builder_column_1_1 1_1 fusion-flex-column\" style=\"--awb-padding-bottom:0px;--awb-bg-size:cover;--awb-width-large:100%;--awb-margin-top-large:0px;--awb-spacing-right-large:1.92%;--awb-margin-bottom-large:0px;--awb-spacing-left-large:1.92%;--awb-width-medium:100%;--awb-order-medium:0;--awb-spacing-right-medium:1.92%;--awb-spacing-left-medium:1.92%;--awb-width-small:100%;--awb-order-small:0;--awb-spacing-right-small:1.92%;--awb-spacing-left-small:1.92%;\"><div class=\"fusion-column-wrapper fusion-column-has-shadow fusion-flex-justify-content-flex-start fusion-content-layout-column\"><div class=\"fusion-title title fusion-title-2 fusion-sep-none fusion-title-center fusion-title-text fusion-title-size-three\" style=\"--awb-text-color:#ffffff;--awb-margin-bottom:30px;\"><h3 class=\"fusion-title-heading title-heading-center fusion-responsive-typography-calculated\" style=\"margin:0;text-transform:none;--fontSize:40;line-height:var(--awb-typography1-line-height);\">Mir\u00e1 las noticias de s\u00f3ftbol<\/h3><\/div><div class=\"fusion-recent-posts fusion-recent-posts-1 avada-container layout-default layout-columns-3\" style=\"--awb-margin-right:10%;--awb-margin-left:10%;--h4_typography-text-transform:none;\"><section class=\"fusion-columns columns fusion-columns-3 columns-3\"><article class=\"post fusion-column column col col-lg-4 col-md-4 col-sm-4\"><div class=\"fusion-flexslider fusion-flexslider-loading flexslider flexslider-hover-type-none\"><ul class=\"slides\"><li><a href=\"https:\/\/caeolavarria.com.ar\/index.php\/2025\/12\/06\/caesoftbol-encuentro-y-cierre-de-temporada-2025-en-el-diamante-de-estudiantes\/\" aria-label=\"#CAESOFTBOL Encuentro y cierre de temporada 2025 en el Diamante de Estudiantes\" class=\"hover-type-none\"><img decoding=\"async\" width=\"700\" height=\"441\" src=\"https:\/\/caeolavarria.com.ar\/wp-content\/uploads\/2025\/12\/Fotos-web-softbol-700x441.jpg\" class=\"attachment-recent-posts size-recent-posts lazyload\" alt=\"\" srcset=\"data:image\/svg+xml,%3Csvg%20xmlns%3D%27http%3A%2F%2Fwww.w3.org%2F2000%2Fsvg%27%20width%3D%272500%27%20height%3D%271500%27%20viewBox%3D%270%200%202500%201500%27%3E%3Crect%20width%3D%272500%27%20height%3D%271500%27%20fill-opacity%3D%220%22%2F%3E%3C%2Fsvg%3E\" data-orig-src=\"https:\/\/caeolavarria.com.ar\/wp-content\/uploads\/2025\/12\/Fotos-web-softbol-700x441.jpg\" data-srcset=\"https:\/\/caeolavarria.com.ar\/wp-content\/uploads\/2025\/12\/Fotos-web-softbol-320x202.jpg 320w, https:\/\/caeolavarria.com.ar\/wp-content\/uploads\/2025\/12\/Fotos-web-softbol-700x441.jpg 700w\" data-sizes=\"auto\" \/><\/a><\/li><\/ul><\/div><div class=\"recent-posts-content\"><span class=\"vcard\" style=\"display: none;\"><span class=\"fn\"><a href=\"https:\/\/caeolavarria.com.ar\/index.php\/author\/mjaureguiberry\/\" title=\"Entradas de Magdalena Jaureguiberry\" rel=\"author\">Magdalena Jaureguiberry<\/a><\/span><\/span><span class=\"updated\" style=\"display:none;\">2025-12-06T17:11:58-03:00<\/span><h4 class=\"entry-title\"><a href=\"https:\/\/caeolavarria.com.ar\/index.php\/2025\/12\/06\/caesoftbol-encuentro-y-cierre-de-temporada-2025-en-el-diamante-de-estudiantes\/\">#CAESOFTBOL Encuentro y cierre de temporada 2025 en el Diamante de Estudiantes<\/a><\/h4><p class=\"meta\"><span class=\"vcard\" style=\"display: none;\"><span class=\"fn\"><a href=\"https:\/\/caeolavarria.com.ar\/index.php\/author\/mjaureguiberry\/\" title=\"Entradas de Magdalena Jaureguiberry\" rel=\"author\">Magdalena Jaureguiberry<\/a><\/span><\/span><span class=\"updated\" style=\"display:none;\">2025-12-06T17:11:58-03:00<\/span><span>6 diciembre, 2025<\/span><span class=\"fusion-inline-sep\">|<\/span><\/p><\/div><\/article><\/section><\/div><\/div><\/div><\/div><\/div><\/p>\n","protected":false},"excerpt":{"rendered":"","protected":false},"author":1,"featured_media":5504,"parent":0,"menu_order":0,"comment_status":"closed","ping_status":"closed","template":"100-width.php","meta":{"_acf_changed":false,"_bbp_topic_count":0,"_bbp_reply_count":0,"_bbp_total_topic_count":0,"_bbp_total_reply_count":0,"_bbp_voice_count":0,"_bbp_anonymous_reply_count":0,"_bbp_topic_count_hidden":0,"_bbp_reply_count_hidden":0,"_bbp_forum_subforum_count":0,"content-type":"","footnotes":""},"class_list":["post-5512","page","type-page","status-publish","has-post-thumbnail","hentry"],"acf":[],"yoast_head":"<!-- This site is optimized with the Yoast SEO plugin v27.2 - https:\/\/yoast.com\/product\/yoast-seo-wordpress\/ -->\n<title>S\u00f3ftbol - Club Atl\u00e9tico Estudiantes de Olavarr\u00eda | Sitio oficial<\/title>\n<meta name=\"robots\" content=\"index, follow, max-snippet:-1, max-image-preview:large, max-video-preview:-1\" \/>\n<link rel=\"canonical\" href=\"https:\/\/caeolavarria.com.ar\/index.php\/softbol\/\" \/>\n<meta property=\"og:locale\" content=\"es_ES\" \/>\n<meta property=\"og:type\" content=\"article\" \/>\n<meta property=\"og:title\" content=\"S\u00f3ftbol - Club Atl\u00e9tico Estudiantes de Olavarr\u00eda | Sitio oficial\" \/>\n<meta property=\"og:url\" content=\"https:\/\/caeolavarria.com.ar\/index.php\/softbol\/\" \/>\n<meta property=\"og:site_name\" content=\"Club Atl\u00e9tico Estudiantes de Olavarr\u00eda | Sitio oficial\" \/>\n<meta property=\"article:publisher\" content=\"https:\/\/www.facebook.com\/caeolavarria\" \/>\n<meta property=\"article:modified_time\" content=\"2025-09-01T01:47:42+00:00\" \/>\n<meta property=\"og:image\" content=\"https:\/\/caeolavarria.com.ar\/wp-content\/uploads\/2025\/08\/softbol.jpg\" \/>\n\t<meta property=\"og:image:width\" content=\"1393\" \/>\n\t<meta property=\"og:image:height\" content=\"430\" \/>\n\t<meta property=\"og:image:type\" content=\"image\/jpeg\" \/>\n<meta name=\"twitter:card\" content=\"summary_large_image\" \/>\n<meta name=\"twitter:site\" content=\"@CAEOlavarria\" \/>\n<meta name=\"twitter:label1\" content=\"Tiempo de lectura\" \/>\n\t<meta name=\"twitter:data1\" content=\"2 minutos\" \/>\n<script type=\"application\/ld+json\" class=\"yoast-schema-graph\">{\"@context\":\"https:\/\/schema.org\",\"@graph\":[{\"@type\":\"WebPage\",\"@id\":\"https:\/\/caeolavarria.com.ar\/index.php\/softbol\/\",\"url\":\"https:\/\/caeolavarria.com.ar\/index.php\/softbol\/\",\"name\":\"S\u00f3ftbol - Club Atl\u00e9tico Estudiantes de Olavarr\u00eda | Sitio oficial\",\"isPartOf\":{\"@id\":\"https:\/\/caeolavarria.com.ar\/#website\"},\"primaryImageOfPage\":{\"@id\":\"https:\/\/caeolavarria.com.ar\/index.php\/softbol\/#primaryimage\"},\"image\":{\"@id\":\"https:\/\/caeolavarria.com.ar\/index.php\/softbol\/#primaryimage\"},\"thumbnailUrl\":\"https:\/\/caeolavarria.com.ar\/wp-content\/uploads\/2025\/08\/softbol.jpg\",\"datePublished\":\"2025-08-18T16:49:31+00:00\",\"dateModified\":\"2025-09-01T01:47:42+00:00\",\"breadcrumb\":{\"@id\":\"https:\/\/caeolavarria.com.ar\/index.php\/softbol\/#breadcrumb\"},\"inLanguage\":\"es-AR\",\"potentialAction\":[{\"@type\":\"ReadAction\",\"target\":[\"https:\/\/caeolavarria.com.ar\/index.php\/softbol\/\"]}]},{\"@type\":\"ImageObject\",\"inLanguage\":\"es-AR\",\"@id\":\"https:\/\/caeolavarria.com.ar\/index.php\/softbol\/#primaryimage\",\"url\":\"https:\/\/caeolavarria.com.ar\/wp-content\/uploads\/2025\/08\/softbol.jpg\",\"contentUrl\":\"https:\/\/caeolavarria.com.ar\/wp-content\/uploads\/2025\/08\/softbol.jpg\",\"width\":1393,\"height\":430},{\"@type\":\"BreadcrumbList\",\"@id\":\"https:\/\/caeolavarria.com.ar\/index.php\/softbol\/#breadcrumb\",\"itemListElement\":[{\"@type\":\"ListItem\",\"position\":1,\"name\":\"Inicio\",\"item\":\"https:\/\/caeolavarria.com.ar\/\"},{\"@type\":\"ListItem\",\"position\":2,\"name\":\"S\u00f3ftbol\"}]},{\"@type\":\"WebSite\",\"@id\":\"https:\/\/caeolavarria.com.ar\/#website\",\"url\":\"https:\/\/caeolavarria.com.ar\/\",\"name\":\"Club Atl\u00e9tico Estudiantes de Olavarr\u00eda | Sitio oficial\",\"description\":\"\",\"publisher\":{\"@id\":\"https:\/\/caeolavarria.com.ar\/#organization\"},\"potentialAction\":[{\"@type\":\"SearchAction\",\"target\":{\"@type\":\"EntryPoint\",\"urlTemplate\":\"https:\/\/caeolavarria.com.ar\/?s={search_term_string}\"},\"query-input\":{\"@type\":\"PropertyValueSpecification\",\"valueRequired\":true,\"valueName\":\"search_term_string\"}}],\"inLanguage\":\"es-AR\"},{\"@type\":\"Organization\",\"@id\":\"https:\/\/caeolavarria.com.ar\/#organization\",\"name\":\"Club Atl\u00e9tico Estudiantes de Olavarr\u00eda\",\"url\":\"https:\/\/caeolavarria.com.ar\/\",\"logo\":{\"@type\":\"ImageObject\",\"inLanguage\":\"es-AR\",\"@id\":\"https:\/\/caeolavarria.com.ar\/#\/schema\/logo\/image\/\",\"url\":\"https:\/\/caeolavarria.com.ar\/wp-content\/uploads\/2025\/03\/logo-banco_Mesa-de-trabajo-1.png\",\"contentUrl\":\"https:\/\/caeolavarria.com.ar\/wp-content\/uploads\/2025\/03\/logo-banco_Mesa-de-trabajo-1.png\",\"width\":1355,\"height\":1355,\"caption\":\"Club Atl\u00e9tico Estudiantes de Olavarr\u00eda\"},\"image\":{\"@id\":\"https:\/\/caeolavarria.com.ar\/#\/schema\/logo\/image\/\"},\"sameAs\":[\"https:\/\/www.facebook.com\/caeolavarria\",\"https:\/\/x.com\/CAEOlavarria\",\"https:\/\/www.instagram.com\/estudiantesolavarria\/\"]}]}<\/script>\n<!-- \/ Yoast SEO plugin. -->","yoast_head_json":{"title":"S\u00f3ftbol - Club Atl\u00e9tico Estudiantes de Olavarr\u00eda | Sitio oficial","robots":{"index":"index","follow":"follow","max-snippet":"max-snippet:-1","max-image-preview":"max-image-preview:large","max-video-preview":"max-video-preview:-1"},"canonical":"https:\/\/caeolavarria.com.ar\/index.php\/softbol\/","og_locale":"es_ES","og_type":"article","og_title":"S\u00f3ftbol - Club Atl\u00e9tico Estudiantes de Olavarr\u00eda | Sitio oficial","og_url":"https:\/\/caeolavarria.com.ar\/index.php\/softbol\/","og_site_name":"Club Atl\u00e9tico Estudiantes de Olavarr\u00eda | Sitio oficial","article_publisher":"https:\/\/www.facebook.com\/caeolavarria","article_modified_time":"2025-09-01T01:47:42+00:00","og_image":[{"width":1393,"height":430,"url":"https:\/\/caeolavarria.com.ar\/wp-content\/uploads\/2025\/08\/softbol.jpg","type":"image\/jpeg"}],"twitter_card":"summary_large_image","twitter_site":"@CAEOlavarria","twitter_misc":{"Tiempo de lectura":"2 minutos"},"schema":{"@context":"https:\/\/schema.org","@graph":[{"@type":"WebPage","@id":"https:\/\/caeolavarria.com.ar\/index.php\/softbol\/","url":"https:\/\/caeolavarria.com.ar\/index.php\/softbol\/","name":"S\u00f3ftbol - Club Atl\u00e9tico Estudiantes de Olavarr\u00eda | Sitio oficial","isPartOf":{"@id":"https:\/\/caeolavarria.com.ar\/#website"},"primaryImageOfPage":{"@id":"https:\/\/caeolavarria.com.ar\/index.php\/softbol\/#primaryimage"},"image":{"@id":"https:\/\/caeolavarria.com.ar\/index.php\/softbol\/#primaryimage"},"thumbnailUrl":"https:\/\/caeolavarria.com.ar\/wp-content\/uploads\/2025\/08\/softbol.jpg","datePublished":"2025-08-18T16:49:31+00:00","dateModified":"2025-09-01T01:47:42+00:00","breadcrumb":{"@id":"https:\/\/caeolavarria.com.ar\/index.php\/softbol\/#breadcrumb"},"inLanguage":"es-AR","potentialAction":[{"@type":"ReadAction","target":["https:\/\/caeolavarria.com.ar\/index.php\/softbol\/"]}]},{"@type":"ImageObject","inLanguage":"es-AR","@id":"https:\/\/caeolavarria.com.ar\/index.php\/softbol\/#primaryimage","url":"https:\/\/caeolavarria.com.ar\/wp-content\/uploads\/2025\/08\/softbol.jpg","contentUrl":"https:\/\/caeolavarria.com.ar\/wp-content\/uploads\/2025\/08\/softbol.jpg","width":1393,"height":430},{"@type":"BreadcrumbList","@id":"https:\/\/caeolavarria.com.ar\/index.php\/softbol\/#breadcrumb","itemListElement":[{"@type":"ListItem","position":1,"name":"Inicio","item":"https:\/\/caeolavarria.com.ar\/"},{"@type":"ListItem","position":2,"name":"S\u00f3ftbol"}]},{"@type":"WebSite","@id":"https:\/\/caeolavarria.com.ar\/#website","url":"https:\/\/caeolavarria.com.ar\/","name":"Club Atl\u00e9tico Estudiantes de Olavarr\u00eda | Sitio oficial","description":"","publisher":{"@id":"https:\/\/caeolavarria.com.ar\/#organization"},"potentialAction":[{"@type":"SearchAction","target":{"@type":"EntryPoint","urlTemplate":"https:\/\/caeolavarria.com.ar\/?s={search_term_string}"},"query-input":{"@type":"PropertyValueSpecification","valueRequired":true,"valueName":"search_term_string"}}],"inLanguage":"es-AR"},{"@type":"Organization","@id":"https:\/\/caeolavarria.com.ar\/#organization","name":"Club Atl\u00e9tico Estudiantes de Olavarr\u00eda","url":"https:\/\/caeolavarria.com.ar\/","logo":{"@type":"ImageObject","inLanguage":"es-AR","@id":"https:\/\/caeolavarria.com.ar\/#\/schema\/logo\/image\/","url":"https:\/\/caeolavarria.com.ar\/wp-content\/uploads\/2025\/03\/logo-banco_Mesa-de-trabajo-1.png","contentUrl":"https:\/\/caeolavarria.com.ar\/wp-content\/uploads\/2025\/03\/logo-banco_Mesa-de-trabajo-1.png","width":1355,"height":1355,"caption":"Club Atl\u00e9tico Estudiantes de Olavarr\u00eda"},"image":{"@id":"https:\/\/caeolavarria.com.ar\/#\/schema\/logo\/image\/"},"sameAs":["https:\/\/www.facebook.com\/caeolavarria","https:\/\/x.com\/CAEOlavarria","https:\/\/www.instagram.com\/estudiantesolavarria\/"]}]}},"_links":{"self":[{"href":"https:\/\/caeolavarria.com.ar\/index.php\/wp-json\/wp\/v2\/pages\/5512","targetHints":{"allow":["GET"]}}],"collection":[{"href":"https:\/\/caeolavarria.com.ar\/index.php\/wp-json\/wp\/v2\/pages"}],"about":[{"href":"https:\/\/caeolavarria.com.ar\/index.php\/wp-json\/wp\/v2\/types\/page"}],"author":[{"embeddable":true,"href":"https:\/\/caeolavarria.com.ar\/index.php\/wp-json\/wp\/v2\/users\/1"}],"replies":[{"embeddable":true,"href":"https:\/\/caeolavarria.com.ar\/index.php\/wp-json\/wp\/v2\/comments?post=5512"}],"version-history":[{"count":4,"href":"https:\/\/caeolavarria.com.ar\/index.php\/wp-json\/wp\/v2\/pages\/5512\/revisions"}],"predecessor-version":[{"id":6036,"href":"https:\/\/caeolavarria.com.ar\/index.php\/wp-json\/wp\/v2\/pages\/5512\/revisions\/6036"}],"wp:featuredmedia":[{"embeddable":true,"href":"https:\/\/caeolavarria.com.ar\/index.php\/wp-json\/wp\/v2\/media\/5504"}],"wp:attachment":[{"href":"https:\/\/caeolavarria.com.ar\/index.php\/wp-json\/wp\/v2\/media?parent=5512"}],"curies":[{"name":"wp","href":"https:\/\/api.w.org\/{rel}","templated":true}]}}