{"id":5898,"date":"2025-08-29T11:59:24","date_gmt":"2025-08-29T14:59:24","guid":{"rendered":"https:\/\/caeolavarria.com.ar\/?page_id=5898"},"modified":"2025-08-29T11:59:24","modified_gmt":"2025-08-29T14:59:24","slug":"automovilismo","status":"publish","type":"page","link":"https:\/\/caeolavarria.com.ar\/index.php\/automovilismo\/","title":{"rendered":"Automovilismo"},"content":{"rendered":"<div class=\"fusion-fullwidth fullwidth-box fusion-builder-row-1 fusion-flex-container has-pattern-background has-mask-background nonhundred-percent-fullwidth non-hundred-percent-height-scrolling fusion-animated\" style=\"--awb-border-sizes-top:0px;--awb-border-sizes-bottom:0px;--awb-border-sizes-left:0px;--awb-border-sizes-right:0px;--awb-border-radius-top-left:0px;--awb-border-radius-top-right:0px;--awb-border-radius-bottom-right:0px;--awb-border-radius-bottom-left:0px;--awb-margin-bottom:60px;--awb-margin-bottom-medium:80px;--awb-margin-bottom-small:60px;--awb-flex-wrap:wrap;\" data-animationType=\"fadeInUp\" data-animationDuration=\"1.3\" data-animationOffset=\"top-into-view\" ><div class=\"fusion-builder-row fusion-row fusion-flex-align-items-center fusion-flex-content-wrap\" style=\"max-width:1393.6px;margin-left: calc(-4% \/ 2 );margin-right: calc(-4% \/ 2 );\"><div class=\"fusion-layout-column fusion_builder_column fusion-builder-column-0 fusion_builder_column_1_1 1_1 fusion-flex-column\" style=\"--awb-bg-blend:overlay;--awb-bg-size:cover;--awb-width-large:100%;--awb-margin-top-large:0px;--awb-spacing-right-large:1.92%;--awb-margin-bottom-large:80px;--awb-spacing-left-large:3.84%;--awb-width-medium:60%;--awb-spacing-right-medium:3.2%;--awb-spacing-left-medium:6.4%;--awb-width-small:100%;--awb-spacing-right-small:1.92%;--awb-spacing-left-small:1.92%;\"><div class=\"fusion-column-wrapper fusion-flex-justify-content-flex-start fusion-content-layout-column\"><div class=\"fusion-text fusion-text-1 fusion-text-no-margin\" style=\"--awb-text-color:var(--awb-color7);\"><p>El Club Atl\u00e9tico Estudiantes cuenta con un circuito propio de automovilismo. Se trata de \"La Bota\", circuito inaugurado el 12 de junio de 1977 lo que lo convierte en uno de los de mayor historia de la provincia de Buenos Aires. Cuna de grandes pilotos y muchos campeones de Olavarr\u00eda y la regi\u00f3n.<\/p>\n<p>La ambiciosa obra fue impulsada por un grupo humano apasionado por este deporte en Estudiantes: Ra\u00fal Galarza, Wilfredo Orlando, Rogelio Desanzo, Pascual y Antonio Antista, Alberto Cuervo, Policarpo Cusin, Luis Pr\u00f3speri, Fernando Aguirre, Rufino Oviedo, Miles Mac Gaw, Ronaldo Rapetur y Mario Pirola.<\/p>\n<p>El circuito, lindante al Paraje La Isla, inicialmente fue de tierra compactada pero tras la inundaci\u00f3n de 1980, que qued\u00f3 marcada a fuego en la memoria de los olavarrienses, la pista se asfalt\u00f3. De m\u00e1s est\u00e1 decir que su nombre se debe a la forma que puede apreciarse desde el aire.<\/p>\n<p>La obra representaba un desaf\u00edo, pero so\u00f1aban con la idea de que nuestra ciudad contara con un espacio en el que el automovilismo local y regional tuviera \"su casa\", donde la pasi\u00f3n por los fierros pudiera manifestarse en plenitud. En ese momento el furor estaba en las carreras de ruta del TC, pero a su vez crec\u00eda muy fuerte el automovilismo zonal con pistas en principio de tierra compactada.<\/p>\n<p>Aquel 12 de junio, y ante la presencia de 4 mil personas euf\u00f3ricas se escucharon rugir por primera vez los motores de la categor\u00eda promocional 850. El ganador de esta primera prueba fue Carlos Torrens (Azul), segundo Eduardo Mart\u00ednez, tercero Antonio Diorio y cuarto Jos\u00e9 Emilio Spinella.<\/p>\n<p>El 23 de septiembre de 1979 el circuito La Bota recibi\u00f3 el nombre de \"Dante y Torcuato Emiliozzi\", en homenaje a los h\u00e9roes del automovilismo olavarriense. Ese d\u00eda se cortaron m\u00e1s de 8 mil boletos, un r\u00e9cord hist\u00f3rico para el automovilismo local.<\/p>\n<p>A trav\u00e9s de estas m\u00e1s de cuatro d\u00e9cadas la comisi\u00f3n de automovilismo del Club Atl\u00e9tico Estudiantes realiz\u00f3 varias competencias de automovilismo, karting, motociclismo y motocross.<\/p>\n<\/div><\/div><\/div><\/div><\/div>\n","protected":false},"excerpt":{"rendered":"","protected":false},"author":1,"featured_media":5905,"parent":0,"menu_order":0,"comment_status":"closed","ping_status":"closed","template":"100-width.php","meta":{"_acf_changed":false,"_bbp_topic_count":0,"_bbp_reply_count":0,"_bbp_total_topic_count":0,"_bbp_total_reply_count":0,"_bbp_voice_count":0,"_bbp_anonymous_reply_count":0,"_bbp_topic_count_hidden":0,"_bbp_reply_count_hidden":0,"_bbp_forum_subforum_count":0,"content-type":"","footnotes":""},"class_list":["post-5898","page","type-page","status-publish","has-post-thumbnail","hentry"],"acf":[],"yoast_head":"<!-- This site is optimized with the Yoast SEO plugin v27.2 - https:\/\/yoast.com\/product\/yoast-seo-wordpress\/ -->\n<title>Automovilismo - Club Atl\u00e9tico Estudiantes de Olavarr\u00eda | Sitio oficial<\/title>\n<meta name=\"robots\" content=\"index, follow, max-snippet:-1, max-image-preview:large, max-video-preview:-1\" \/>\n<link rel=\"canonical\" href=\"https:\/\/caeolavarria.com.ar\/index.php\/automovilismo\/\" \/>\n<meta property=\"og:locale\" content=\"es_ES\" \/>\n<meta property=\"og:type\" content=\"article\" \/>\n<meta property=\"og:title\" content=\"Automovilismo - Club Atl\u00e9tico Estudiantes de Olavarr\u00eda | Sitio oficial\" \/>\n<meta property=\"og:url\" content=\"https:\/\/caeolavarria.com.ar\/index.php\/automovilismo\/\" \/>\n<meta property=\"og:site_name\" content=\"Club Atl\u00e9tico Estudiantes de Olavarr\u00eda | Sitio oficial\" \/>\n<meta property=\"article:publisher\" content=\"https:\/\/www.facebook.com\/caeolavarria\" \/>\n<meta property=\"og:image\" content=\"https:\/\/caeolavarria.com.ar\/wp-content\/uploads\/2025\/08\/automovilismo.jpg\" \/>\n\t<meta property=\"og:image:width\" content=\"1393\" \/>\n\t<meta property=\"og:image:height\" content=\"430\" \/>\n\t<meta property=\"og:image:type\" content=\"image\/jpeg\" \/>\n<meta name=\"twitter:card\" content=\"summary_large_image\" \/>\n<meta name=\"twitter:site\" content=\"@CAEOlavarria\" \/>\n<meta name=\"twitter:label1\" content=\"Tiempo de lectura\" \/>\n\t<meta name=\"twitter:data1\" content=\"2 minutos\" \/>\n<script type=\"application\/ld+json\" class=\"yoast-schema-graph\">{\"@context\":\"https:\/\/schema.org\",\"@graph\":[{\"@type\":\"WebPage\",\"@id\":\"https:\/\/caeolavarria.com.ar\/index.php\/automovilismo\/\",\"url\":\"https:\/\/caeolavarria.com.ar\/index.php\/automovilismo\/\",\"name\":\"Automovilismo - Club Atl\u00e9tico Estudiantes de Olavarr\u00eda | Sitio oficial\",\"isPartOf\":{\"@id\":\"https:\/\/caeolavarria.com.ar\/#website\"},\"primaryImageOfPage\":{\"@id\":\"https:\/\/caeolavarria.com.ar\/index.php\/automovilismo\/#primaryimage\"},\"image\":{\"@id\":\"https:\/\/caeolavarria.com.ar\/index.php\/automovilismo\/#primaryimage\"},\"thumbnailUrl\":\"https:\/\/caeolavarria.com.ar\/wp-content\/uploads\/2025\/08\/automovilismo.jpg\",\"datePublished\":\"2025-08-29T14:59:24+00:00\",\"breadcrumb\":{\"@id\":\"https:\/\/caeolavarria.com.ar\/index.php\/automovilismo\/#breadcrumb\"},\"inLanguage\":\"es-AR\",\"potentialAction\":[{\"@type\":\"ReadAction\",\"target\":[\"https:\/\/caeolavarria.com.ar\/index.php\/automovilismo\/\"]}]},{\"@type\":\"ImageObject\",\"inLanguage\":\"es-AR\",\"@id\":\"https:\/\/caeolavarria.com.ar\/index.php\/automovilismo\/#primaryimage\",\"url\":\"https:\/\/caeolavarria.com.ar\/wp-content\/uploads\/2025\/08\/automovilismo.jpg\",\"contentUrl\":\"https:\/\/caeolavarria.com.ar\/wp-content\/uploads\/2025\/08\/automovilismo.jpg\",\"width\":1393,\"height\":430},{\"@type\":\"BreadcrumbList\",\"@id\":\"https:\/\/caeolavarria.com.ar\/index.php\/automovilismo\/#breadcrumb\",\"itemListElement\":[{\"@type\":\"ListItem\",\"position\":1,\"name\":\"Inicio\",\"item\":\"https:\/\/caeolavarria.com.ar\/\"},{\"@type\":\"ListItem\",\"position\":2,\"name\":\"Automovilismo\"}]},{\"@type\":\"WebSite\",\"@id\":\"https:\/\/caeolavarria.com.ar\/#website\",\"url\":\"https:\/\/caeolavarria.com.ar\/\",\"name\":\"Club Atl\u00e9tico Estudiantes de Olavarr\u00eda | Sitio oficial\",\"description\":\"\",\"publisher\":{\"@id\":\"https:\/\/caeolavarria.com.ar\/#organization\"},\"potentialAction\":[{\"@type\":\"SearchAction\",\"target\":{\"@type\":\"EntryPoint\",\"urlTemplate\":\"https:\/\/caeolavarria.com.ar\/?s={search_term_string}\"},\"query-input\":{\"@type\":\"PropertyValueSpecification\",\"valueRequired\":true,\"valueName\":\"search_term_string\"}}],\"inLanguage\":\"es-AR\"},{\"@type\":\"Organization\",\"@id\":\"https:\/\/caeolavarria.com.ar\/#organization\",\"name\":\"Club Atl\u00e9tico Estudiantes de Olavarr\u00eda\",\"url\":\"https:\/\/caeolavarria.com.ar\/\",\"logo\":{\"@type\":\"ImageObject\",\"inLanguage\":\"es-AR\",\"@id\":\"https:\/\/caeolavarria.com.ar\/#\/schema\/logo\/image\/\",\"url\":\"https:\/\/caeolavarria.com.ar\/wp-content\/uploads\/2025\/03\/logo-banco_Mesa-de-trabajo-1.png\",\"contentUrl\":\"https:\/\/caeolavarria.com.ar\/wp-content\/uploads\/2025\/03\/logo-banco_Mesa-de-trabajo-1.png\",\"width\":1355,\"height\":1355,\"caption\":\"Club Atl\u00e9tico Estudiantes de Olavarr\u00eda\"},\"image\":{\"@id\":\"https:\/\/caeolavarria.com.ar\/#\/schema\/logo\/image\/\"},\"sameAs\":[\"https:\/\/www.facebook.com\/caeolavarria\",\"https:\/\/x.com\/CAEOlavarria\",\"https:\/\/www.instagram.com\/estudiantesolavarria\/\"]}]}<\/script>\n<!-- \/ Yoast SEO plugin. -->","yoast_head_json":{"title":"Automovilismo - Club Atl\u00e9tico Estudiantes de Olavarr\u00eda | Sitio oficial","robots":{"index":"index","follow":"follow","max-snippet":"max-snippet:-1","max-image-preview":"max-image-preview:large","max-video-preview":"max-video-preview:-1"},"canonical":"https:\/\/caeolavarria.com.ar\/index.php\/automovilismo\/","og_locale":"es_ES","og_type":"article","og_title":"Automovilismo - Club Atl\u00e9tico Estudiantes de Olavarr\u00eda | Sitio oficial","og_url":"https:\/\/caeolavarria.com.ar\/index.php\/automovilismo\/","og_site_name":"Club Atl\u00e9tico Estudiantes de Olavarr\u00eda | Sitio oficial","article_publisher":"https:\/\/www.facebook.com\/caeolavarria","og_image":[{"width":1393,"height":430,"url":"https:\/\/caeolavarria.com.ar\/wp-content\/uploads\/2025\/08\/automovilismo.jpg","type":"image\/jpeg"}],"twitter_card":"summary_large_image","twitter_site":"@CAEOlavarria","twitter_misc":{"Tiempo de lectura":"2 minutos"},"schema":{"@context":"https:\/\/schema.org","@graph":[{"@type":"WebPage","@id":"https:\/\/caeolavarria.com.ar\/index.php\/automovilismo\/","url":"https:\/\/caeolavarria.com.ar\/index.php\/automovilismo\/","name":"Automovilismo - Club Atl\u00e9tico Estudiantes de Olavarr\u00eda | Sitio oficial","isPartOf":{"@id":"https:\/\/caeolavarria.com.ar\/#website"},"primaryImageOfPage":{"@id":"https:\/\/caeolavarria.com.ar\/index.php\/automovilismo\/#primaryimage"},"image":{"@id":"https:\/\/caeolavarria.com.ar\/index.php\/automovilismo\/#primaryimage"},"thumbnailUrl":"https:\/\/caeolavarria.com.ar\/wp-content\/uploads\/2025\/08\/automovilismo.jpg","datePublished":"2025-08-29T14:59:24+00:00","breadcrumb":{"@id":"https:\/\/caeolavarria.com.ar\/index.php\/automovilismo\/#breadcrumb"},"inLanguage":"es-AR","potentialAction":[{"@type":"ReadAction","target":["https:\/\/caeolavarria.com.ar\/index.php\/automovilismo\/"]}]},{"@type":"ImageObject","inLanguage":"es-AR","@id":"https:\/\/caeolavarria.com.ar\/index.php\/automovilismo\/#primaryimage","url":"https:\/\/caeolavarria.com.ar\/wp-content\/uploads\/2025\/08\/automovilismo.jpg","contentUrl":"https:\/\/caeolavarria.com.ar\/wp-content\/uploads\/2025\/08\/automovilismo.jpg","width":1393,"height":430},{"@type":"BreadcrumbList","@id":"https:\/\/caeolavarria.com.ar\/index.php\/automovilismo\/#breadcrumb","itemListElement":[{"@type":"ListItem","position":1,"name":"Inicio","item":"https:\/\/caeolavarria.com.ar\/"},{"@type":"ListItem","position":2,"name":"Automovilismo"}]},{"@type":"WebSite","@id":"https:\/\/caeolavarria.com.ar\/#website","url":"https:\/\/caeolavarria.com.ar\/","name":"Club Atl\u00e9tico Estudiantes de Olavarr\u00eda | Sitio oficial","description":"","publisher":{"@id":"https:\/\/caeolavarria.com.ar\/#organization"},"potentialAction":[{"@type":"SearchAction","target":{"@type":"EntryPoint","urlTemplate":"https:\/\/caeolavarria.com.ar\/?s={search_term_string}"},"query-input":{"@type":"PropertyValueSpecification","valueRequired":true,"valueName":"search_term_string"}}],"inLanguage":"es-AR"},{"@type":"Organization","@id":"https:\/\/caeolavarria.com.ar\/#organization","name":"Club Atl\u00e9tico Estudiantes de Olavarr\u00eda","url":"https:\/\/caeolavarria.com.ar\/","logo":{"@type":"ImageObject","inLanguage":"es-AR","@id":"https:\/\/caeolavarria.com.ar\/#\/schema\/logo\/image\/","url":"https:\/\/caeolavarria.com.ar\/wp-content\/uploads\/2025\/03\/logo-banco_Mesa-de-trabajo-1.png","contentUrl":"https:\/\/caeolavarria.com.ar\/wp-content\/uploads\/2025\/03\/logo-banco_Mesa-de-trabajo-1.png","width":1355,"height":1355,"caption":"Club Atl\u00e9tico Estudiantes de Olavarr\u00eda"},"image":{"@id":"https:\/\/caeolavarria.com.ar\/#\/schema\/logo\/image\/"},"sameAs":["https:\/\/www.facebook.com\/caeolavarria","https:\/\/x.com\/CAEOlavarria","https:\/\/www.instagram.com\/estudiantesolavarria\/"]}]}},"_links":{"self":[{"href":"https:\/\/caeolavarria.com.ar\/index.php\/wp-json\/wp\/v2\/pages\/5898","targetHints":{"allow":["GET"]}}],"collection":[{"href":"https:\/\/caeolavarria.com.ar\/index.php\/wp-json\/wp\/v2\/pages"}],"about":[{"href":"https:\/\/caeolavarria.com.ar\/index.php\/wp-json\/wp\/v2\/types\/page"}],"author":[{"embeddable":true,"href":"https:\/\/caeolavarria.com.ar\/index.php\/wp-json\/wp\/v2\/users\/1"}],"replies":[{"embeddable":true,"href":"https:\/\/caeolavarria.com.ar\/index.php\/wp-json\/wp\/v2\/comments?post=5898"}],"version-history":[{"count":1,"href":"https:\/\/caeolavarria.com.ar\/index.php\/wp-json\/wp\/v2\/pages\/5898\/revisions"}],"predecessor-version":[{"id":5906,"href":"https:\/\/caeolavarria.com.ar\/index.php\/wp-json\/wp\/v2\/pages\/5898\/revisions\/5906"}],"wp:featuredmedia":[{"embeddable":true,"href":"https:\/\/caeolavarria.com.ar\/index.php\/wp-json\/wp\/v2\/media\/5905"}],"wp:attachment":[{"href":"https:\/\/caeolavarria.com.ar\/index.php\/wp-json\/wp\/v2\/media?parent=5898"}],"curies":[{"name":"wp","href":"https:\/\/api.w.org\/{rel}","templated":true}]}}